{"id":1329,"date":"2022-12-09T10:44:52","date_gmt":"2022-12-09T09:44:52","guid":{"rendered":"https:\/\/cabi-quilting.de\/blog\/"},"modified":"2023-08-26T06:10:28","modified_gmt":"2023-08-26T04:10:28","slug":"blog","status":"publish","type":"page","link":"https:\/\/cabi-quilting.de\/en\/blog\/","title":{"rendered":"Blog archive"},"content":{"rendered":"<p>[et_pb_section fb_built=&#8221;1&#8243; _builder_version=&#8221;4.19.2&#8243; _module_preset=&#8221;default&#8221; custom_padding=&#8221;20px||||false|false&#8221; animation_style=&#8221;fade&#8221; global_colors_info=&#8221;{}&#8221;][et_pb_row _builder_version=&#8221;4.19.2&#8243; _module_preset=&#8221;default&#8221; global_colors_info=&#8221;{}&#8221;][et_pb_column type=&#8221;4_4&#8243; _builder_version=&#8221;4.19.2&#8243; _module_preset=&#8221;default&#8221; global_colors_info=&#8221;{}&#8221;][et_pb_text _builder_version=&#8221;4.19.2&#8243; _module_preset=&#8221;default&#8221; header_font_size=&#8221;100px&#8221; global_colors_info=&#8221;{}&#8221;]<\/p>\n<h1>Blog archive<\/h1>\n<p>[\/et_pb_text][et_pb_blog fullwidth=&#8221;off&#8221; posts_number=&#8221;15&#8243; include_categories=&#8221;24&#8243; meta_date=&#8221;j. F Y&#8221; show_more=&#8221;on&#8221; show_author=&#8221;off&#8221; show_categories=&#8221;off&#8221; use_overlay=&#8221;on&#8221; overlay_icon_color=&#8221;#ffffff&#8221; hover_overlay_color=&#8221;rgba(153,66,98,0.65)&#8221; hover_icon=&#8221;&#x55;||divi||400&#8243; _builder_version=&#8221;4.22.1&#8243; _module_preset=&#8221;default&#8221; header_font=&#8221;Albert Sans Light||||||||&#8221; header_text_color=&#8221;#CD5883&#8243; header_font_size=&#8221;22px&#8221; meta_text_color=&#8221;#9A9A9A&#8221; meta_font_size=&#8221;16px&#8221; read_more_text_color=&#8221;#CD5883&#8243; hover_enabled=&#8221;0&#8243; custom_css_read_more=&#8221;margin-top: 10px !important;||display: block;&#8221; border_radii=&#8221;on|20px|20px|20px|20px&#8221; border_width_all=&#8221;1px&#8221; border_color_all=&#8221;#9A9A9A&#8221; border_style_all=&#8221;dashed&#8221; global_colors_info=&#8221;{}&#8221; header_text_color__hover_enabled=&#8221;on|hover&#8221; header_text_color__hover=&#8221;#994262&#8243; read_more_text_color__hover_enabled=&#8221;on|hover&#8221; read_more_text_color__hover=&#8221;#994262&#8243; border_color_all__hover_enabled=&#8221;on|desktop&#8221; border_color_all__hover=&#8221;#994262&#8243; pagination_text_color__hover_enabled=&#8221;on|hover&#8221; sticky_enabled=&#8221;0&#8243; pagination_text_color__hover=&#8221;#994262&#8243;][\/et_pb_blog][et_pb_button button_url=&#8221;\/en\/#blog&#8221; button_text=&#8221;back to the overview&#8221; _builder_version=&#8221;4.19.2&#8243; _module_preset=&#8221;default&#8221; custom_button=&#8221;on&#8221; button_bg_color=&#8221;#9A9A9A&#8221; button_icon=&#8221;&#x23;||divi||400&#8243; button_icon_placement=&#8221;left&#8221; locked=&#8221;off&#8221; global_colors_info=&#8221;{}&#8221; button_bg_color__hover_enabled=&#8221;on|desktop&#8221; button_bg_color__hover=&#8221;#994262&#8243; button_bg_enable_color__hover=&#8221;on&#8221;][\/et_pb_button][\/et_pb_column][\/et_pb_row][\/et_pb_section]<\/p>\n","protected":false},"excerpt":{"rendered":"<p>Blog archive<\/p>\n","protected":false},"author":3,"featured_media":0,"parent":0,"menu_order":200,"comment_status":"closed","ping_status":"closed","template":"","meta":{"_acf_changed":false,"_et_pb_use_builder":"on","_et_pb_old_content":"","_et_gb_content_width":"","footnotes":""},"dipi_cpt_category":[],"class_list":["post-1329","page","type-page","status-publish","hentry"],"acf":[],"yoast_head":"<!-- This site is optimized with the Yoast SEO plugin v27.3 - https:\/\/yoast.com\/product\/yoast-seo-wordpress\/ -->\n<title>Blog archive - CaBi Quilting<\/title>\n<meta name=\"robots\" content=\"noindex, follow\" \/>\n<meta property=\"og:locale\" content=\"en_US\" \/>\n<meta property=\"og:type\" content=\"article\" \/>\n<meta property=\"og:title\" content=\"Blog archive - CaBi Quilting\" \/>\n<meta property=\"og:description\" content=\"Blog archive\" \/>\n<meta property=\"og:url\" content=\"https:\/\/cabi-quilting.de\/en\/blog\/\" \/>\n<meta property=\"og:site_name\" content=\"CaBi Quilting\" \/>\n<meta property=\"article:publisher\" content=\"https:\/\/www.facebook.com\/cabiquilting\" \/>\n<meta property=\"article:modified_time\" content=\"2023-08-26T04:10:28+00:00\" \/>\n<meta name=\"twitter:card\" content=\"summary_large_image\" \/>\n<meta name=\"twitter:label1\" content=\"Est. reading time\" \/>\n\t<meta name=\"twitter:data1\" content=\"1 minute\" \/>\n<script type=\"application\/ld+json\" class=\"yoast-schema-graph\">{\"@context\":\"https:\\\/\\\/schema.org\",\"@graph\":[{\"@type\":\"WebPage\",\"@id\":\"https:\\\/\\\/cabi-quilting.de\\\/en\\\/blog\\\/\",\"url\":\"https:\\\/\\\/cabi-quilting.de\\\/en\\\/blog\\\/\",\"name\":\"Blog archive - CaBi Quilting\",\"isPartOf\":{\"@id\":\"https:\\\/\\\/cabi-quilting.de\\\/en\\\/#website\"},\"datePublished\":\"2022-12-09T09:44:52+00:00\",\"dateModified\":\"2023-08-26T04:10:28+00:00\",\"breadcrumb\":{\"@id\":\"https:\\\/\\\/cabi-quilting.de\\\/en\\\/blog\\\/#breadcrumb\"},\"inLanguage\":\"en-US\",\"potentialAction\":[{\"@type\":\"ReadAction\",\"target\":[\"https:\\\/\\\/cabi-quilting.de\\\/en\\\/blog\\\/\"]}]},{\"@type\":\"BreadcrumbList\",\"@id\":\"https:\\\/\\\/cabi-quilting.de\\\/en\\\/blog\\\/#breadcrumb\",\"itemListElement\":[{\"@type\":\"ListItem\",\"position\":1,\"name\":\"Startseite\",\"item\":\"https:\\\/\\\/cabi-quilting.de\\\/en\\\/homepage\\\/\"},{\"@type\":\"ListItem\",\"position\":2,\"name\":\"Blog archive\"}]},{\"@type\":\"WebSite\",\"@id\":\"https:\\\/\\\/cabi-quilting.de\\\/en\\\/#website\",\"url\":\"https:\\\/\\\/cabi-quilting.de\\\/en\\\/\",\"name\":\"CaBi Quilting\",\"description\":\"Patchwork und Quilten\",\"publisher\":{\"@id\":\"https:\\\/\\\/cabi-quilting.de\\\/en\\\/#\\\/schema\\\/person\\\/4d7e11ec067f3d907216718b74011910\"},\"alternateName\":\"cabi-quilting\",\"potentialAction\":[{\"@type\":\"SearchAction\",\"target\":{\"@type\":\"EntryPoint\",\"urlTemplate\":\"https:\\\/\\\/cabi-quilting.de\\\/en\\\/?s={search_term_string}\"},\"query-input\":{\"@type\":\"PropertyValueSpecification\",\"valueRequired\":true,\"valueName\":\"search_term_string\"}}],\"inLanguage\":\"en-US\"},{\"@type\":[\"Person\",\"Organization\"],\"@id\":\"https:\\\/\\\/cabi-quilting.de\\\/en\\\/#\\\/schema\\\/person\\\/4d7e11ec067f3d907216718b74011910\",\"name\":\"Carmen Bickle\",\"image\":{\"@type\":\"ImageObject\",\"inLanguage\":\"en-US\",\"@id\":\"https:\\\/\\\/cabi-quilting.de\\\/wp-content\\\/uploads\\\/cabi-quilting-logo-animiert.svg\",\"url\":\"https:\\\/\\\/cabi-quilting.de\\\/wp-content\\\/uploads\\\/cabi-quilting-logo-animiert.svg\",\"contentUrl\":\"https:\\\/\\\/cabi-quilting.de\\\/wp-content\\\/uploads\\\/cabi-quilting-logo-animiert.svg\",\"width\":1,\"height\":1,\"caption\":\"Carmen Bickle\"},\"logo\":{\"@id\":\"https:\\\/\\\/cabi-quilting.de\\\/wp-content\\\/uploads\\\/cabi-quilting-logo-animiert.svg\"},\"description\":\"Ich bin im Hauptberuf Gesch\u00e4ftsf\u00fchrerin in einem Softwareunternehmen. Den Ausgleich zu dieser Aufgabe finde ich im Handarbeiten (N\u00e4hen, Patchworken und Quilten), Malen und Heimwerken. Mein Motto: Gemeinsam die Welt mit unseren kunstvollen Quilts bunter machen.\",\"sameAs\":[\"http:\\\/\\\/www.cabi-quilting.de\",\"https:\\\/\\\/www.facebook.com\\\/cabiquilting\",\"https:\\\/\\\/www.instagram.com\\\/cabiquilting?igshid=MmIzYWVINDQ5Yg==\"]}]}<\/script>\n<!-- \/ Yoast SEO plugin. -->","yoast_head_json":{"title":"Blog archive - CaBi Quilting","robots":{"index":"noindex","follow":"follow"},"og_locale":"en_US","og_type":"article","og_title":"Blog archive - CaBi Quilting","og_description":"Blog archive","og_url":"https:\/\/cabi-quilting.de\/en\/blog\/","og_site_name":"CaBi Quilting","article_publisher":"https:\/\/www.facebook.com\/cabiquilting","article_modified_time":"2023-08-26T04:10:28+00:00","twitter_card":"summary_large_image","twitter_misc":{"Est. reading time":"1 minute"},"schema":{"@context":"https:\/\/schema.org","@graph":[{"@type":"WebPage","@id":"https:\/\/cabi-quilting.de\/en\/blog\/","url":"https:\/\/cabi-quilting.de\/en\/blog\/","name":"Blog archive - CaBi Quilting","isPartOf":{"@id":"https:\/\/cabi-quilting.de\/en\/#website"},"datePublished":"2022-12-09T09:44:52+00:00","dateModified":"2023-08-26T04:10:28+00:00","breadcrumb":{"@id":"https:\/\/cabi-quilting.de\/en\/blog\/#breadcrumb"},"inLanguage":"en-US","potentialAction":[{"@type":"ReadAction","target":["https:\/\/cabi-quilting.de\/en\/blog\/"]}]},{"@type":"BreadcrumbList","@id":"https:\/\/cabi-quilting.de\/en\/blog\/#breadcrumb","itemListElement":[{"@type":"ListItem","position":1,"name":"Startseite","item":"https:\/\/cabi-quilting.de\/en\/homepage\/"},{"@type":"ListItem","position":2,"name":"Blog archive"}]},{"@type":"WebSite","@id":"https:\/\/cabi-quilting.de\/en\/#website","url":"https:\/\/cabi-quilting.de\/en\/","name":"CaBi Quilting","description":"Patchwork und Quilten","publisher":{"@id":"https:\/\/cabi-quilting.de\/en\/#\/schema\/person\/4d7e11ec067f3d907216718b74011910"},"alternateName":"cabi-quilting","potentialAction":[{"@type":"SearchAction","target":{"@type":"EntryPoint","urlTemplate":"https:\/\/cabi-quilting.de\/en\/?s={search_term_string}"},"query-input":{"@type":"PropertyValueSpecification","valueRequired":true,"valueName":"search_term_string"}}],"inLanguage":"en-US"},{"@type":["Person","Organization"],"@id":"https:\/\/cabi-quilting.de\/en\/#\/schema\/person\/4d7e11ec067f3d907216718b74011910","name":"Carmen Bickle","image":{"@type":"ImageObject","inLanguage":"en-US","@id":"https:\/\/cabi-quilting.de\/wp-content\/uploads\/cabi-quilting-logo-animiert.svg","url":"https:\/\/cabi-quilting.de\/wp-content\/uploads\/cabi-quilting-logo-animiert.svg","contentUrl":"https:\/\/cabi-quilting.de\/wp-content\/uploads\/cabi-quilting-logo-animiert.svg","width":1,"height":1,"caption":"Carmen Bickle"},"logo":{"@id":"https:\/\/cabi-quilting.de\/wp-content\/uploads\/cabi-quilting-logo-animiert.svg"},"description":"Ich bin im Hauptberuf Gesch\u00e4ftsf\u00fchrerin in einem Softwareunternehmen. Den Ausgleich zu dieser Aufgabe finde ich im Handarbeiten (N\u00e4hen, Patchworken und Quilten), Malen und Heimwerken. Mein Motto: Gemeinsam die Welt mit unseren kunstvollen Quilts bunter machen.","sameAs":["http:\/\/www.cabi-quilting.de","https:\/\/www.facebook.com\/cabiquilting","https:\/\/www.instagram.com\/cabiquilting?igshid=MmIzYWVINDQ5Yg=="]}]}},"_links":{"self":[{"href":"https:\/\/cabi-quilting.de\/en\/wp-json\/wp\/v2\/pages\/1329","targetHints":{"allow":["GET"]}}],"collection":[{"href":"https:\/\/cabi-quilting.de\/en\/wp-json\/wp\/v2\/pages"}],"about":[{"href":"https:\/\/cabi-quilting.de\/en\/wp-json\/wp\/v2\/types\/page"}],"author":[{"embeddable":true,"href":"https:\/\/cabi-quilting.de\/en\/wp-json\/wp\/v2\/users\/3"}],"replies":[{"embeddable":true,"href":"https:\/\/cabi-quilting.de\/en\/wp-json\/wp\/v2\/comments?post=1329"}],"version-history":[{"count":9,"href":"https:\/\/cabi-quilting.de\/en\/wp-json\/wp\/v2\/pages\/1329\/revisions"}],"predecessor-version":[{"id":1741,"href":"https:\/\/cabi-quilting.de\/en\/wp-json\/wp\/v2\/pages\/1329\/revisions\/1741"}],"wp:attachment":[{"href":"https:\/\/cabi-quilting.de\/en\/wp-json\/wp\/v2\/media?parent=1329"}],"wp:term":[{"taxonomy":"dipi_cpt_category","embeddable":true,"href":"https:\/\/cabi-quilting.de\/en\/wp-json\/wp\/v2\/dipi_cpt_category?post=1329"}],"curies":[{"name":"wp","href":"https:\/\/api.w.org\/{rel}","templated":true}]}}