{"id":1262,"date":"2020-03-16T13:49:31","date_gmt":"2020-03-16T12:49:31","guid":{"rendered":"https:\/\/cabi-quilting.de\/legal-notice\/"},"modified":"2026-03-15T11:10:44","modified_gmt":"2026-03-15T10:10:44","slug":"legal-notice","status":"publish","type":"page","link":"https:\/\/cabi-quilting.de\/en\/legal-notice\/","title":{"rendered":"Legal notice"},"content":{"rendered":"<p>[et_pb_section fb_built=&#8221;1&#8243; _builder_version=&#8221;4.19.0&#8243; _module_preset=&#8221;default&#8221; animation_style=&#8221;fade&#8221; global_colors_info=&#8221;{}&#8221;][et_pb_row _builder_version=&#8221;4.19.1&#8243; _module_preset=&#8221;default&#8221; custom_margin=&#8221;||||false|false&#8221; custom_padding=&#8221;0px||||false|false&#8221; global_colors_info=&#8221;{}&#8221;][et_pb_column type=&#8221;4_4&#8243; _builder_version=&#8221;4.19.0&#8243; _module_preset=&#8221;default&#8221; global_colors_info=&#8221;{}&#8221;][et_pb_text _builder_version=&#8221;4.19.0&#8243; _module_preset=&#8221;default&#8221; global_colors_info=&#8221;{}&#8221;]<\/p>\n<h1>Legal notice<\/h1>\n<p>Information according to \u00a7 5 Telemedia Act<\/p>\n<p>[\/et_pb_text][\/et_pb_column][\/et_pb_row][et_pb_row column_structure=&#8221;1_2,1_2&#8243; _builder_version=&#8221;4.19.0&#8243; _module_preset=&#8221;default&#8221; global_colors_info=&#8221;{}&#8221;][et_pb_column type=&#8221;1_2&#8243; _builder_version=&#8221;4.19.0&#8243; _module_preset=&#8221;default&#8221; global_colors_info=&#8221;{}&#8221;][et_pb_text _builder_version=&#8221;4.27.5&#8243; _module_preset=&#8221;default&#8221; header_2_font=&#8221;Albert Sans SemiBold||||||||&#8221; header_2_text_color=&#8221;#181715&#8243; header_2_font_size=&#8221;25px&#8221; hover_enabled=&#8221;0&#8243; global_colors_info=&#8221;{}&#8221; sticky_enabled=&#8221;0&#8243;]<\/p>\n<h2>Contact person and responsible for the content of this website<\/h2>\n<p>Carmen Bickle<br \/>Leibnizstrasse 3c<br \/>76689 Karlsdorf, Germany<br \/>+49 1577 4231866<\/p>\n<h2>References (links) to other websites<\/h2>\n<p>The website contains links that refer to other websites. If you follow these links, you will leave my offer. I do not accept responsibility for the accuracy of the information provided on the linked website, nor do I adopt its content as my own or necessarily share the opinions expressed there. I am not responsible for this and do not accept any liability in this respect.<\/p>\n<p>[\/et_pb_text][\/et_pb_column][et_pb_column type=&#8221;1_2&#8243; _builder_version=&#8221;4.19.0&#8243; _module_preset=&#8221;default&#8221; global_colors_info=&#8221;{}&#8221;][et_pb_text _builder_version=&#8221;4.19.0&#8243; _module_preset=&#8221;default&#8221; header_2_font=&#8221;Albert Sans SemiBold||||||||&#8221; header_2_text_color=&#8221;#181715&#8243; header_2_font_size=&#8221;25px&#8221; locked=&#8221;off&#8221; global_colors_info=&#8221;{}&#8221;]<\/p>\n<h2>EU dispute settlement procedure<\/h2>\n<p>The European Commission provides a platform for online dispute resolution (ODR), which you can find here: <a href=\"https:\/\/ec.europa.eu\/consumers\/odr\/\" target=\"_blank\" rel=\"noopener\">https:\/\/ec.europa.eu\/consumers\/odr\/<\/a>. Carmen Bickle is not willing or obliged to participate in the EU dispute resolution procedure.<\/p>\n<h2>Copyright, trademark and other property rights<\/h2>\n<p>The contents and their arrangement on the pages of this website are subject to copyright protection and other protective laws. They may be used in whole or in part for personal, non-commercial use only. The contents may not be changed or used on other websites without written permission from Carmen Bickle.<\/p>\n<p>All images and the design of the quilts, unless otherwise indicated, are subject to the strict provisions of copyright law in favour of myself or the respective artist.<\/p>\n<p>[\/et_pb_text][\/et_pb_column][\/et_pb_row][et_pb_row _builder_version=&#8221;4.19.2&#8243; _module_preset=&#8221;default&#8221; custom_padding=&#8221;||0px||false|false&#8221; global_colors_info=&#8221;{}&#8221;][et_pb_column type=&#8221;4_4&#8243; _builder_version=&#8221;4.19.2&#8243; _module_preset=&#8221;default&#8221; global_colors_info=&#8221;{}&#8221;][et_pb_divider color=&#8221;#F2F2F2&#8243; _builder_version=&#8221;4.19.2&#8243; _module_preset=&#8221;default&#8221; custom_margin=&#8221;||10px||false|false&#8221; custom_padding=&#8221;||||false|false&#8221; global_colors_info=&#8221;{}&#8221;][\/et_pb_divider][et_pb_text _builder_version=&#8221;4.19.2&#8243; _module_preset=&#8221;default&#8221; header_2_font=&#8221;Albert Sans SemiBold||||||||&#8221; header_2_text_color=&#8221;#181715&#8243; header_2_font_size=&#8221;25px&#8221; locked=&#8221;off&#8221; global_colors_info=&#8221;{}&#8221;]<\/p>\n<h2>Disclaimer<\/h2>\n<p>Although the greatest possible care has been taken in compiling the information, any liability or guarantee for the topicality, correctness and completeness of the information and data is excluded. This also applies in particular to all damages and consequential damages, including lost profits, arising from the use of or reliance on the information contained herein. All information on these pages is without guarantee.<\/p>\n<p>[\/et_pb_text][et_pb_divider color=&#8221;#F2F2F2&#8243; _builder_version=&#8221;4.19.2&#8243; _module_preset=&#8221;default&#8221; custom_margin=&#8221;||10px||false|false&#8221; global_colors_info=&#8221;{}&#8221;][\/et_pb_divider][et_pb_text _builder_version=&#8221;4.19.2&#8243; _module_preset=&#8221;default&#8221; header_2_font=&#8221;Albert Sans SemiBold||||||||&#8221; header_2_text_color=&#8221;#181715&#8243; header_2_font_size=&#8221;25px&#8221; locked=&#8221;off&#8221; global_colors_info=&#8221;{}&#8221;]<\/p>\n<h2>Image sources<\/h2>\n<p>[\/et_pb_text][\/et_pb_column][\/et_pb_row][et_pb_row column_structure=&#8221;1_2,1_2&#8243; _builder_version=&#8221;4.19.2&#8243; _module_preset=&#8221;default&#8221; custom_padding=&#8221;5px||||false|false&#8221; global_colors_info=&#8221;{}&#8221;][et_pb_column type=&#8221;1_2&#8243; _builder_version=&#8221;4.19.2&#8243; _module_preset=&#8221;default&#8221; global_colors_info=&#8221;{}&#8221;][et_pb_text _builder_version=&#8221;4.21.0&#8243; _module_preset=&#8221;default&#8221; header_2_font=&#8221;Albert Sans SemiBold||||||||&#8221; header_2_text_color=&#8221;#181715&#8243; header_2_font_size=&#8221;25px&#8221; locked=&#8221;off&#8221; global_colors_info=&#8221;{}&#8221;]<\/p>\n<p><a href=\"https:\/\/stock.adobe.com\/templates\/pillows-and-comforter-mockup\/273935804\" target=\"_blank\" rel=\"noopener\" title=\"to Adobe Stock\">Mockup Bettdecke mit Kissen<\/a> \u2013 \u00a9 PerigTemplate | stock.adobe.com<br \/><a href=\"https:\/\/stock.adobe.com\/templates\/square-canvas-mockup-on-wooden-barstool-3\/194323917\" target=\"_blank\" rel=\"noopener\" title=\"to Adobe Stock\">Mockup Bild auf Barhocker<\/a> \u2013 \u00a9 Dennis | stock.adobe.com<br \/><a href=\"https:\/\/stock.adobe.com\/templates\/frame-on-wall-behind-couch-mockup\/228394578\" target=\"_blank\" rel=\"noopener\" title=\"to Adobe Stock\">Mockup Couch mit Bild dahinter<\/a> \u2013 \u00a9 Wavebreak Media | stock.adobe.com<br \/><a href=\"https:\/\/stock.adobe.com\/images\/living-room-interior-with-violet-sofa-and-flower-on-dark-table-ultraviolet-design-concept-3d-rendering\/193296772\" target=\"_blank\" rel=\"noopener\" title=\"to Adobe Stock\">Mockup Couch mit Blumen<\/a> \u2013 \u00a9 Vanit\u0e48jan | stock.adobe.com<br \/><a href=\"https:\/\/stock.adobe.com\/images\/quilting-line-icons-set-patchwork-supplies-and-accessories-quilt-fabric-kit-patch-needle-thread-scissors-cloth-sewing-machine-pin-template-ruler-rotary-cutter-vector-illustration\/93974017\" target=\"_blank\" rel=\"noopener\" title=\"to Adobe Stock\">Patchwork\/Quilting Icons<\/a> \u2013 \u00a9 Milta | stock.adobe.com<br \/><a href=\"https:\/\/stock.adobe.com\/de\/224775196\" target=\"_blank\" rel=\"noopener\" title=\"to Adobe Stock\">Mockup Kinderzimmer<\/a> \u2013 \u00a9 McLittle Stock | stock.adobe.com<br \/><a href=\"https:\/\/stock.adobe.com\/de\/228394485\" target=\"_blank\" rel=\"noopener\" title=\"to Adobe Stock\">Mockup Bild mit Lampen<\/a> \u2013 \u00a9 Wavebreak Media | stock.adobe.com<br \/><a href=\"https:\/\/stock.adobe.com\/templates\/frame-on-wall-behind-couch-mockup\/228394578\" target=\"_blank\" rel=\"noopener\" title=\"to Adobe Stock\"><\/a><\/p>\n<p>[\/et_pb_text][\/et_pb_column][et_pb_column type=&#8221;1_2&#8243; _builder_version=&#8221;4.19.2&#8243; _module_preset=&#8221;default&#8221; global_colors_info=&#8221;{}&#8221;][\/et_pb_column][\/et_pb_row][\/et_pb_section]<\/p>\n","protected":false},"excerpt":{"rendered":"<p>Legal notice Information according to \u00a7 5 Telemedia ActContact person and responsible for the content of this website Carmen BickleLeibnizstrasse 3c76689 Karlsdorf, Germany+49 1577 4231866 References (links) to other websites The website contains links that refer to other websites. If you follow these links, you will leave my offer. I do not accept responsibility for [&hellip;]<\/p>\n","protected":false},"author":3,"featured_media":0,"parent":0,"menu_order":1000,"comment_status":"closed","ping_status":"closed","template":"","meta":{"_acf_changed":false,"_et_pb_use_builder":"on","_et_pb_old_content":"","_et_gb_content_width":"","footnotes":""},"dipi_cpt_category":[],"class_list":["post-1262","page","type-page","status-publish","hentry"],"acf":[],"yoast_head":"<!-- This site is optimized with the Yoast SEO plugin v27.3 - https:\/\/yoast.com\/product\/yoast-seo-wordpress\/ -->\n<title>Legal notice - CaBi Quilting<\/title>\n<meta name=\"robots\" content=\"noindex, follow\" \/>\n<meta property=\"og:locale\" content=\"en_US\" \/>\n<meta property=\"og:type\" content=\"article\" \/>\n<meta property=\"og:title\" content=\"Legal notice - CaBi Quilting\" \/>\n<meta property=\"og:description\" content=\"Legal notice Information according to \u00a7 5 Telemedia ActContact person and responsible for the content of this website Carmen BickleLeibnizstrasse 3c76689 Karlsdorf, Germany+49 1577 4231866 References (links) to other websites The website contains links that refer to other websites. If you follow these links, you will leave my offer. I do not accept responsibility for [&hellip;]\" \/>\n<meta property=\"og:url\" content=\"https:\/\/cabi-quilting.de\/en\/legal-notice\/\" \/>\n<meta property=\"og:site_name\" content=\"CaBi Quilting\" \/>\n<meta property=\"article:publisher\" content=\"https:\/\/www.facebook.com\/cabiquilting\" \/>\n<meta property=\"article:modified_time\" content=\"2026-03-15T10:10:44+00:00\" \/>\n<meta name=\"twitter:card\" content=\"summary_large_image\" \/>\n<meta name=\"twitter:label1\" content=\"Est. reading time\" \/>\n\t<meta name=\"twitter:data1\" content=\"4 minutes\" \/>\n<script type=\"application\/ld+json\" class=\"yoast-schema-graph\">{\"@context\":\"https:\\\/\\\/schema.org\",\"@graph\":[{\"@type\":\"WebPage\",\"@id\":\"https:\\\/\\\/cabi-quilting.de\\\/en\\\/legal-notice\\\/\",\"url\":\"https:\\\/\\\/cabi-quilting.de\\\/en\\\/legal-notice\\\/\",\"name\":\"Legal notice - CaBi Quilting\",\"isPartOf\":{\"@id\":\"https:\\\/\\\/cabi-quilting.de\\\/en\\\/#website\"},\"datePublished\":\"2020-03-16T12:49:31+00:00\",\"dateModified\":\"2026-03-15T10:10:44+00:00\",\"breadcrumb\":{\"@id\":\"https:\\\/\\\/cabi-quilting.de\\\/en\\\/legal-notice\\\/#breadcrumb\"},\"inLanguage\":\"en-US\",\"potentialAction\":[{\"@type\":\"ReadAction\",\"target\":[\"https:\\\/\\\/cabi-quilting.de\\\/en\\\/legal-notice\\\/\"]}]},{\"@type\":\"BreadcrumbList\",\"@id\":\"https:\\\/\\\/cabi-quilting.de\\\/en\\\/legal-notice\\\/#breadcrumb\",\"itemListElement\":[{\"@type\":\"ListItem\",\"position\":1,\"name\":\"Startseite\",\"item\":\"https:\\\/\\\/cabi-quilting.de\\\/en\\\/homepage\\\/\"},{\"@type\":\"ListItem\",\"position\":2,\"name\":\"Legal notice\"}]},{\"@type\":\"WebSite\",\"@id\":\"https:\\\/\\\/cabi-quilting.de\\\/en\\\/#website\",\"url\":\"https:\\\/\\\/cabi-quilting.de\\\/en\\\/\",\"name\":\"CaBi Quilting\",\"description\":\"Patchwork und Quilten\",\"publisher\":{\"@id\":\"https:\\\/\\\/cabi-quilting.de\\\/en\\\/#\\\/schema\\\/person\\\/4d7e11ec067f3d907216718b74011910\"},\"alternateName\":\"cabi-quilting\",\"potentialAction\":[{\"@type\":\"SearchAction\",\"target\":{\"@type\":\"EntryPoint\",\"urlTemplate\":\"https:\\\/\\\/cabi-quilting.de\\\/en\\\/?s={search_term_string}\"},\"query-input\":{\"@type\":\"PropertyValueSpecification\",\"valueRequired\":true,\"valueName\":\"search_term_string\"}}],\"inLanguage\":\"en-US\"},{\"@type\":[\"Person\",\"Organization\"],\"@id\":\"https:\\\/\\\/cabi-quilting.de\\\/en\\\/#\\\/schema\\\/person\\\/4d7e11ec067f3d907216718b74011910\",\"name\":\"Carmen Bickle\",\"image\":{\"@type\":\"ImageObject\",\"inLanguage\":\"en-US\",\"@id\":\"https:\\\/\\\/cabi-quilting.de\\\/wp-content\\\/uploads\\\/cabi-quilting-logo-animiert.svg\",\"url\":\"https:\\\/\\\/cabi-quilting.de\\\/wp-content\\\/uploads\\\/cabi-quilting-logo-animiert.svg\",\"contentUrl\":\"https:\\\/\\\/cabi-quilting.de\\\/wp-content\\\/uploads\\\/cabi-quilting-logo-animiert.svg\",\"width\":1,\"height\":1,\"caption\":\"Carmen Bickle\"},\"logo\":{\"@id\":\"https:\\\/\\\/cabi-quilting.de\\\/wp-content\\\/uploads\\\/cabi-quilting-logo-animiert.svg\"},\"description\":\"Ich bin im Hauptberuf Gesch\u00e4ftsf\u00fchrerin in einem Softwareunternehmen. Den Ausgleich zu dieser Aufgabe finde ich im Handarbeiten (N\u00e4hen, Patchworken und Quilten), Malen und Heimwerken. Mein Motto: Gemeinsam die Welt mit unseren kunstvollen Quilts bunter machen.\",\"sameAs\":[\"http:\\\/\\\/www.cabi-quilting.de\",\"https:\\\/\\\/www.facebook.com\\\/cabiquilting\",\"https:\\\/\\\/www.instagram.com\\\/cabiquilting?igshid=MmIzYWVINDQ5Yg==\"]}]}<\/script>\n<!-- \/ Yoast SEO plugin. -->","yoast_head_json":{"title":"Legal notice - CaBi Quilting","robots":{"index":"noindex","follow":"follow"},"og_locale":"en_US","og_type":"article","og_title":"Legal notice - CaBi Quilting","og_description":"Legal notice Information according to \u00a7 5 Telemedia ActContact person and responsible for the content of this website Carmen BickleLeibnizstrasse 3c76689 Karlsdorf, Germany+49 1577 4231866 References (links) to other websites The website contains links that refer to other websites. If you follow these links, you will leave my offer. I do not accept responsibility for [&hellip;]","og_url":"https:\/\/cabi-quilting.de\/en\/legal-notice\/","og_site_name":"CaBi Quilting","article_publisher":"https:\/\/www.facebook.com\/cabiquilting","article_modified_time":"2026-03-15T10:10:44+00:00","twitter_card":"summary_large_image","twitter_misc":{"Est. reading time":"4 minutes"},"schema":{"@context":"https:\/\/schema.org","@graph":[{"@type":"WebPage","@id":"https:\/\/cabi-quilting.de\/en\/legal-notice\/","url":"https:\/\/cabi-quilting.de\/en\/legal-notice\/","name":"Legal notice - CaBi Quilting","isPartOf":{"@id":"https:\/\/cabi-quilting.de\/en\/#website"},"datePublished":"2020-03-16T12:49:31+00:00","dateModified":"2026-03-15T10:10:44+00:00","breadcrumb":{"@id":"https:\/\/cabi-quilting.de\/en\/legal-notice\/#breadcrumb"},"inLanguage":"en-US","potentialAction":[{"@type":"ReadAction","target":["https:\/\/cabi-quilting.de\/en\/legal-notice\/"]}]},{"@type":"BreadcrumbList","@id":"https:\/\/cabi-quilting.de\/en\/legal-notice\/#breadcrumb","itemListElement":[{"@type":"ListItem","position":1,"name":"Startseite","item":"https:\/\/cabi-quilting.de\/en\/homepage\/"},{"@type":"ListItem","position":2,"name":"Legal notice"}]},{"@type":"WebSite","@id":"https:\/\/cabi-quilting.de\/en\/#website","url":"https:\/\/cabi-quilting.de\/en\/","name":"CaBi Quilting","description":"Patchwork und Quilten","publisher":{"@id":"https:\/\/cabi-quilting.de\/en\/#\/schema\/person\/4d7e11ec067f3d907216718b74011910"},"alternateName":"cabi-quilting","potentialAction":[{"@type":"SearchAction","target":{"@type":"EntryPoint","urlTemplate":"https:\/\/cabi-quilting.de\/en\/?s={search_term_string}"},"query-input":{"@type":"PropertyValueSpecification","valueRequired":true,"valueName":"search_term_string"}}],"inLanguage":"en-US"},{"@type":["Person","Organization"],"@id":"https:\/\/cabi-quilting.de\/en\/#\/schema\/person\/4d7e11ec067f3d907216718b74011910","name":"Carmen Bickle","image":{"@type":"ImageObject","inLanguage":"en-US","@id":"https:\/\/cabi-quilting.de\/wp-content\/uploads\/cabi-quilting-logo-animiert.svg","url":"https:\/\/cabi-quilting.de\/wp-content\/uploads\/cabi-quilting-logo-animiert.svg","contentUrl":"https:\/\/cabi-quilting.de\/wp-content\/uploads\/cabi-quilting-logo-animiert.svg","width":1,"height":1,"caption":"Carmen Bickle"},"logo":{"@id":"https:\/\/cabi-quilting.de\/wp-content\/uploads\/cabi-quilting-logo-animiert.svg"},"description":"Ich bin im Hauptberuf Gesch\u00e4ftsf\u00fchrerin in einem Softwareunternehmen. Den Ausgleich zu dieser Aufgabe finde ich im Handarbeiten (N\u00e4hen, Patchworken und Quilten), Malen und Heimwerken. Mein Motto: Gemeinsam die Welt mit unseren kunstvollen Quilts bunter machen.","sameAs":["http:\/\/www.cabi-quilting.de","https:\/\/www.facebook.com\/cabiquilting","https:\/\/www.instagram.com\/cabiquilting?igshid=MmIzYWVINDQ5Yg=="]}]}},"_links":{"self":[{"href":"https:\/\/cabi-quilting.de\/en\/wp-json\/wp\/v2\/pages\/1262","targetHints":{"allow":["GET"]}}],"collection":[{"href":"https:\/\/cabi-quilting.de\/en\/wp-json\/wp\/v2\/pages"}],"about":[{"href":"https:\/\/cabi-quilting.de\/en\/wp-json\/wp\/v2\/types\/page"}],"author":[{"embeddable":true,"href":"https:\/\/cabi-quilting.de\/en\/wp-json\/wp\/v2\/users\/3"}],"replies":[{"embeddable":true,"href":"https:\/\/cabi-quilting.de\/en\/wp-json\/wp\/v2\/comments?post=1262"}],"version-history":[{"count":9,"href":"https:\/\/cabi-quilting.de\/en\/wp-json\/wp\/v2\/pages\/1262\/revisions"}],"predecessor-version":[{"id":3979,"href":"https:\/\/cabi-quilting.de\/en\/wp-json\/wp\/v2\/pages\/1262\/revisions\/3979"}],"wp:attachment":[{"href":"https:\/\/cabi-quilting.de\/en\/wp-json\/wp\/v2\/media?parent=1262"}],"wp:term":[{"taxonomy":"dipi_cpt_category","embeddable":true,"href":"https:\/\/cabi-quilting.de\/en\/wp-json\/wp\/v2\/dipi_cpt_category?post=1262"}],"curies":[{"name":"wp","href":"https:\/\/api.w.org\/{rel}","templated":true}]}}